{"id":8238,"date":"2020-07-17T09:25:07","date_gmt":"2020-07-17T09:25:07","guid":{"rendered":"https:\/\/gabarresdebergerac.fr\/?page_id=8238"},"modified":"2025-02-08T11:23:41","modified_gmt":"2025-02-08T11:23:41","slug":"nos-tarifs-2024","status":"publish","type":"page","link":"https:\/\/www.gabarresdebergerac.fr\/en\/elements\/nos-tarifs-2024\/","title":{"rendered":"Nos tarifs 2025"},"content":{"rendered":"<div class=\"vc_row wpb_row vc_row-fluid\"><div class=\"wpb_column vc_column_container vc_col-sm-12\"><div class=\"vc_column-inner\"><div class=\"wpb_wrapper\"><section class=\"vc_cta3-container\"><div class=\"vc_general vc_cta3 vc_cta3-style-classic vc_cta3-shape-rounded vc_cta3-align-left vc_cta3-color-classic vc_cta3-icon-size-md vc_custom_1677676205282\"><div class=\"vc_cta3_content-container\"><div class=\"vc_cta3-content\"><header class=\"vc_cta3-content-header\"><h4 style=\"color: #ffffff;font-family:Abril Fatface;font-weight:400;font-style:normal\" class=\"vc_custom_heading\" >Pensez \u00e0 r\u00e9server !<\/h4><\/header><p><span style=\"color: #ffffff;\">Ch\u00e8re client\u00e8le, en raison de la forte popularit\u00e9 de nos circuits, il est conseill\u00e9 de proc\u00e9der \u00e0 une r\u00e9servation 05 53 24 58 80. Si toutefois vous ne seriez pr\u00e9sent 10min avant le d\u00e9part de nos gabarres, vos places r\u00e9serv\u00e9es seront remises \u00e0 la vente.<\/span><\/p>\n<\/div><\/div><\/div><\/section><\/div><\/div><\/div><\/div><div class=\"vc_row wpb_row vc_row-fluid\"><div class=\"wpb_column vc_column_container vc_col-sm-3\"><div class=\"vc_column-inner\"><div class=\"wpb_wrapper\"><div class=\"heading  header-underline align-center color-black subcolor-main transform-default icon-type-default heading-tag-h4\" id=\"like_sc_header_1409919392\"><h4 class=\"header ltx-sr-id-like_sc_header_1409919392224137946 ltx-sr ltx-sr-effect-fade_in ltx-sr-el-block ltx-sr-delay-0 ltx-sr-duration-1000 ltx-sr-sequences-0\">CIRCUIT 1<\/h4><\/div>\n\t<div class=\"wpb_text_column wpb_content_element\" >\n\t\t<div class=\"wpb_wrapper\">\n\t\t\t<p style=\"text-align: center; background-color: #cebd88; padding: 5px;\"><strong>INDIVIDUEL : TOUTES SAISONS &#8211; 50min<\/strong><\/p>\n<p style=\"text-align: center;\"><strong><em>1er Avril \u2013 31 Octobre\u00a0<\/em><br \/>\n<\/strong><\/p>\n<p style=\"text-align: center;\"><strong>Adults:\u00a0<\/strong>12.00 \u20ac<br \/>\n<strong>Enfants (-12 ans) :<\/strong> 9.00 \u20ac<\/p>\n<p style=\"text-align: center; background-color: #cebd88; padding: 5px;\"><strong>GROUPE : BASSE SAISON &#8211; 50min<\/strong><\/p>\n<p style=\"text-align: center;\"><em><strong>Du 1er Avril au 30 Juin et du 1er Septembre au 31 Octobre : <\/strong><\/em>11h &#8211; 18h sous r\u00e9servation<\/p>\n<p style=\"text-align: center;\"><em>De 15 \u00e0 20 Personnes :<\/em><strong><br \/>\n<\/strong><strong>Adults:<\/strong> 10 \u20ac<br \/>\n<strong>Enfants (-12 ans) :<\/strong> 8,00 \u20ac<\/p>\n<p style=\"text-align: center;\"><em>From 21 to 50 people:<\/em><strong><br \/>\n<\/strong><strong>Adults:<\/strong> 8 \u20ac<br \/>\n<strong>Enfants (-12 ans) :<\/strong> 7 \u20ac<\/p>\n<p style=\"text-align: center; background-color: #cebd88; padding: 5px;\"><strong>GROUPE : HAUTE SAISON &#8211; 50min<\/strong><\/p>\n<p style=\"text-align: center;\"><em><strong>Du 1er Juillet au 31 Ao\u00fbt : <\/strong><\/em>11h &#8211; 18h sous r\u00e9servation<\/p>\n<p style=\"text-align: center;\"><em>De 15 \u00e0 20 Personnes :<\/em><strong><br \/>\n<\/strong><strong>Adults:<\/strong> 11,50 \u20ac<br \/>\n<strong>Enfants (-12 ans) :<\/strong> 8,50 \u20ac<\/p>\n<p style=\"text-align: center;\"><em>From 21 to 50 people:<\/em><strong><br \/>\n<\/strong><strong>Adults:<\/strong> 11,00 \u20ac<br \/>\n<strong>Enfants (-12 ans) :<\/strong> 8,50 \u20ac<\/p>\n\n\t\t<\/div>\n\t<\/div>\n<\/div><\/div><\/div><div class=\"wpb_column vc_column_container vc_col-sm-3\"><div class=\"vc_column-inner\"><div class=\"wpb_wrapper\"><div class=\"heading  header-underline align-center color-black subcolor-main transform-default icon-type-default heading-tag-h4\" id=\"like_sc_header_1466573821\"><h4 class=\"header ltx-sr-id-like_sc_header_14665738211366251841 ltx-sr ltx-sr-effect-fade_in ltx-sr-el-block ltx-sr-delay-0 ltx-sr-duration-1000 ltx-sr-sequences-0\">CIRCUIT 2<\/h4><\/div>\n\t<div class=\"wpb_text_column wpb_content_element\" >\n\t\t<div class=\"wpb_wrapper\">\n\t\t\t<p style=\"text-align: center; background-color: #cebd88; padding: 5px;\"><strong>INDIVIDUEL : 1h30<\/strong><\/p>\n<p style=\"text-align: center;\"><strong><em>Du 10 Juillet au 28 Ao\u00fbt :<\/em><\/strong> Tous les mardis et jeudis \u00e0 10h30 au d\u00e9part de Creysse avec d\u00e9gustation de vin &#8211; Arriv\u00e9e \u00e0 Creysse \u00e0 12h00<\/p>\n<p style=\"text-align: center;\"><strong>Adults:<\/strong> 15,00 \u20ac<br \/>\n<strong>Enfants (-12 ans) :<\/strong> 10,00 \u20ac<\/p>\n\n\t\t<\/div>\n\t<\/div>\n<\/div><\/div><\/div><div class=\"wpb_column vc_column_container vc_col-sm-3\"><div class=\"vc_column-inner\"><div class=\"wpb_wrapper\"><div class=\"heading  header-underline align-center color-black subcolor-main transform-default icon-type-default heading-tag-h4\" id=\"like_sc_header_1363627601\"><h4 class=\"header ltx-sr-id-like_sc_header_1363627601274995144 ltx-sr ltx-sr-effect-fade_in ltx-sr-el-block ltx-sr-delay-0 ltx-sr-duration-1000 ltx-sr-sequences-0\">CIRCUIT 3<\/h4><\/div>\n\t<div class=\"wpb_text_column wpb_content_element\" >\n\t\t<div class=\"wpb_wrapper\">\n\t\t\t<p style=\"text-align: center; background-color: #cebd88; padding: 5px;\"><strong>INDIVIDUEL : 3h30<\/strong><\/p>\n<p style=\"text-align: center;\"><strong><em>Du 10 Juillet au 28 Ao\u00fbt :<\/em><\/strong> Tous les mardis et jeudis \u00e0 9h00 au d\u00e9part de Bergerac avec d\u00e9gustation de vin &#8211; Arriv\u00e9e \u00e0 Bergerac \u00e0 12h30<\/p>\n<p style=\"text-align: center;\"><strong>Adults:<\/strong> 20,00 \u20ac<br \/>\n<strong>Enfants (-12 ans) :<\/strong> 15,00 \u20ac<\/p>\n\n\t\t<\/div>\n\t<\/div>\n<\/div><\/div><\/div><div class=\"wpb_column vc_column_container vc_col-sm-3\"><div class=\"vc_column-inner\"><div class=\"wpb_wrapper\"><div class=\"heading  header-underline align-center color-black subcolor-main transform-default icon-type-default heading-tag-h4\" id=\"like_sc_header_1747090580\"><h4 class=\"header ltx-sr-id-like_sc_header_1747090580298801066 ltx-sr ltx-sr-effect-fade_in ltx-sr-el-block ltx-sr-delay-0 ltx-sr-duration-1000 ltx-sr-sequences-0\">GABARRE PRIVATIVE<\/h4><\/div>\n\t<div class=\"wpb_text_column wpb_content_element\" >\n\t\t<div class=\"wpb_wrapper\">\n\t\t\t<p style=\"text-align: center; background-color: #cebd88; padding: 5px;\"><strong>PRIVATISATION : BASSE SAISON<\/strong><\/p>\n<p style=\"text-align: center;\"><em><strong>Du 1er Avril au 30 Juin et du 1er Septembre au 31 Octobre :<\/strong><\/em> 11h &#8211; 18h sous r\u00e9servation<\/p>\n<p style=\"text-align: center;\"><strong>1h =<\/strong> 300 \u20ac<br \/>\n<strong>2h =<\/strong> 400 \u20ac<\/p>\n<p style=\"text-align: center; background-color: #cebd88; padding: 5px;\"><strong>PRIVATISATION : HAUTE SAISON<\/strong><\/p>\n<p style=\"text-align: center;\"><em><strong>Du 1er Juillet au 31 Ao\u00fbt :<\/strong><\/em> 11h &#8211; 18h sous r\u00e9servation<\/p>\n<p style=\"text-align: center;\"><strong>1h =<\/strong> 450 \u20ac<\/p>\n<p style=\"text-align: center;\"><strong><em>En dehors des heures ouvrables haute ou basse saison<br \/>\n<\/em><\/strong><\/p>\n<p style=\"text-align: center;\"><strong>1h<\/strong> = 260 \u20ac<br \/>\n<strong>2h =<\/strong> 360 \u20ac<\/p>\n<p style=\"text-align: center;\"><em><strong>*Forfait avec commentaire : +40 \u20ac<\/strong><\/em><\/p>\n\n\t\t<\/div>\n\t<\/div>\n<\/div><\/div><\/div><\/div>","protected":false},"excerpt":{"rendered":"<p>Pensez \u00e0 r\u00e9server !Ch\u00e8re client\u00e8le, en raison de la forte popularit\u00e9 de nos circuits, il est conseill\u00e9 de proc\u00e9der \u00e0 une r\u00e9servation 05 53 24 58 80. Si toutefois vous ne seriez pr\u00e9sent 10min avant le d\u00e9part de nos gabarres, vos places r\u00e9serv\u00e9es seront remises \u00e0 la vente. CIRCUIT 1 INDIVIDUEL : TOUTES SAISONS &#8211; 50min 1er Avril \u2013 31 Octobre\u00a0 Adultes :\u00a012.00 \u20ac Enfants (-12 ans) : 9.00 \u20ac GROUPE : BASSE SAISON &#8211; 50min Du 1er Avril au 30 Juin et du 1er Septembre au 31 Octobre : 11h &#8211; 18h sous r\u00e9servation De 15 \u00e0 20 Personnes : Adultes : 10 \u20ac Enfants (-12 ans) : 8,00 \u20ac De 21 \u00e0 50 Personnes : Adultes : 8 \u20ac Enfants (-12 ans) : 7 \u20ac GROUPE : HAUTE SAISON &#8211; 50min Du 1er Juillet au 31 Ao\u00fbt : 11h &#8211; 18h sous r\u00e9servation De 15 \u00e0 20 Personnes [&hellip;]<\/p>","protected":false},"author":2,"featured_media":0,"parent":3483,"menu_order":0,"comment_status":"closed","ping_status":"closed","template":"page-templates\/full-width.php","meta":[],"_links":{"self":[{"href":"https:\/\/www.gabarresdebergerac.fr\/en\/wp-json\/wp\/v2\/pages\/8238"}],"collection":[{"href":"https:\/\/www.gabarresdebergerac.fr\/en\/wp-json\/wp\/v2\/pages"}],"about":[{"href":"https:\/\/www.gabarresdebergerac.fr\/en\/wp-json\/wp\/v2\/types\/page"}],"author":[{"embeddable":true,"href":"https:\/\/www.gabarresdebergerac.fr\/en\/wp-json\/wp\/v2\/users\/2"}],"replies":[{"embeddable":true,"href":"https:\/\/www.gabarresdebergerac.fr\/en\/wp-json\/wp\/v2\/comments?post=8238"}],"version-history":[{"count":31,"href":"https:\/\/www.gabarresdebergerac.fr\/en\/wp-json\/wp\/v2\/pages\/8238\/revisions"}],"predecessor-version":[{"id":8700,"href":"https:\/\/www.gabarresdebergerac.fr\/en\/wp-json\/wp\/v2\/pages\/8238\/revisions\/8700"}],"up":[{"embeddable":true,"href":"https:\/\/www.gabarresdebergerac.fr\/en\/wp-json\/wp\/v2\/pages\/3483"}],"wp:attachment":[{"href":"https:\/\/www.gabarresdebergerac.fr\/en\/wp-json\/wp\/v2\/media?parent=8238"}],"curies":[{"name":"wp","href":"https:\/\/api.w.org\/{rel}","templated":true}]}}