{"id":8183,"date":"2020-07-15T12:53:22","date_gmt":"2020-07-15T12:53:22","guid":{"rendered":"https:\/\/demo-gabarres.altismedia.fr\/?page_id=8183"},"modified":"2025-07-26T07:20:08","modified_gmt":"2025-07-26T07:20:08","slug":"nos-horaires","status":"publish","type":"page","link":"https:\/\/www.gabarresdebergerac.fr\/en\/elements\/nos-horaires\/","title":{"rendered":"Our hours"},"content":{"rendered":"<div class=\"vc_row wpb_row vc_row-fluid vc_row-o-content-middle vc_row-flex\"><div class=\"wpb_column vc_column_container vc_col-sm-12\"><div class=\"vc_column-inner\"><div class=\"wpb_wrapper\"><div class=\"alert  alert-important\"><a href=\"#\" class=\"fa fa-times close\"><\/a><div class=\"header\"><span class=\"fas fa-info-circle\"><\/span>IMPORTANT<\/span><\/div><p>Dear customers, due to the high popularity of our tours, it is advisable to make a reservation on 05 53 24 58 80. If, however, you are not present 10 minutes before the departure of our boats, your reserved places will be returned for sale.<\/p><\/div><\/div><\/div><\/div><\/div><div class=\"vc_row wpb_row vc_row-fluid\"><div class=\"wpb_column vc_column_container vc_col-sm-3\"><div class=\"vc_column-inner\"><div class=\"wpb_wrapper\"><div class=\"heading  header-underline align-center color-black subcolor-main transform-default icon-type-default heading-tag-h4\" id=\"like_sc_header_1233838347\"><h4 class=\"header ltx-sr-id-like_sc_header_12338383471884729910 ltx-sr ltx-sr-effect-fade_in ltx-sr-el-block ltx-sr-delay-0 ltx-sr-duration-1000 ltx-sr-sequences-0\">CIRCUIT 1<\/h4><\/div>\n\t<div class=\"wpb_text_column wpb_content_element\" >\n\t\t<div class=\"wpb_wrapper\">\n\t\t\t<p style=\"text-align: center; background-color: #cebd88; padding: 5px;\"><strong>INDIVIDUEL :<\/strong><\/p>\n<p style=\"text-align: center;\"><strong><em>1er Avril \u2013 30 Avril :<\/em><br \/>\n<\/strong>11h \u2013 14h \u2013 15h \u2013 16h<\/p>\n<p style=\"text-align: center;\"><strong><em>1er Mai \u2013 16 Juin :<\/em><br \/>\n<\/strong>11h \u2013 14h \u2013 15h- 16h- 17h<\/p>\n<p style=\"text-align: center;\"><strong><em>17 Juin \u2013 30 Juin :<\/em><br \/>\n<\/strong>11h \u2013 12h \u2013 14h \u2013 15h \u2013 16h \u2013 17h<br \/>\n+ 18h le dimanche<\/p>\n<p style=\"text-align: center;\"><em><strong>1er Juillet \u2013 14 Juillet :<\/strong><\/em><br \/>\n11h \u2013 12h \u2013 14h \u2013 15h \u2013 16h \u2013 17h \u2013 18h<\/p>\n<p style=\"text-align: center;\"><em><strong>15 Juillet \u2013 25 Ao\u00fbt :<\/strong><\/em><\/p>\n<p style=\"text-align: center;\">10h \u2013 11h \u2013 12h \u2013 13h \u2013 14h \u2013 15h \u2013 16h \u2013 17h \u2013 18h<\/p>\n<p style=\"text-align: center;\"><strong><em>26 Ao\u00fbt \u2013 07 Septembre :<\/em><br \/>\n<\/strong>11h \u2013 12h \u2013 14h \u2013 15h \u2013 16h \u2013 17h \u2013 18h<\/p>\n<p style=\"text-align: center;\"><strong><em>08 Septembre \u2013 30 Septembre :<\/em><br \/>\n<\/strong>11h \u2013 12h \u2013 14h \u2013 15h \u2013 16h \u2013 17h<\/p>\n<p style=\"text-align: center;\"><strong><em>1er Octobre \u2013 31 Octobre :<\/em><br \/>\n<\/strong>11h \u2013 14h \u2013 15h \u2013 16h<\/p>\n<p style=\"text-align: center; background-color: #cebd88; padding: 5px;\"><strong>GROUPE :<\/strong><\/p>\n<p style=\"text-align: center;\"><em><strong>Du 1er Avril au 31 Octobre : <\/strong><\/em>11h &#8211; 18h sous r\u00e9servation<\/p>\n\n\t\t<\/div>\n\t<\/div>\n<\/div><\/div><\/div><div class=\"wpb_column vc_column_container vc_col-sm-3\"><div class=\"vc_column-inner\"><div class=\"wpb_wrapper\"><div class=\"heading  header-underline align-center color-black subcolor-main transform-default icon-type-default heading-tag-h4\" id=\"like_sc_header_882175709\"><h4 class=\"header ltx-sr-id-like_sc_header_882175709504379391 ltx-sr ltx-sr-effect-fade_in ltx-sr-el-block ltx-sr-delay-0 ltx-sr-duration-1000 ltx-sr-sequences-0\">CIRCUIT 2<\/h4><\/div>\n\t<div class=\"wpb_text_column wpb_content_element\" >\n\t\t<div class=\"wpb_wrapper\">\n\t\t\t<p style=\"text-align: center; background-color: #cebd88; padding: 5px;\"><strong>INDIVIDUEL :<\/strong><\/p>\n<p style=\"text-align: center;\"><strong><em>Du 15 Juillet au 31 Ao\u00fbt :<\/em><\/strong> Tous les mardis et jeudis 10h30 \u00e0 Creysse.<\/p>\n\n\t\t<\/div>\n\t<\/div>\n<\/div><\/div><\/div><div class=\"wpb_column vc_column_container vc_col-sm-3\"><div class=\"vc_column-inner\"><div class=\"wpb_wrapper\"><div class=\"heading  header-underline align-center color-black subcolor-main transform-default icon-type-default heading-tag-h4\" id=\"like_sc_header_990926468\"><h4 class=\"header ltx-sr-id-like_sc_header_9909264681110088322 ltx-sr ltx-sr-effect-fade_in ltx-sr-el-block ltx-sr-delay-0 ltx-sr-duration-1000 ltx-sr-sequences-0\">CIRCUIT 3<\/h4><\/div>\n\t<div class=\"wpb_text_column wpb_content_element\" >\n\t\t<div class=\"wpb_wrapper\">\n\t\t\t<p style=\"text-align: center; background-color: #cebd88; padding: 5px;\"><strong>INDIVIDUEL :<\/strong><\/p>\n<p style=\"text-align: center;\"><strong><em>Du 15 Juillet au 31 Ao\u00fbt :<\/em><\/strong> Tous les mardis et jeudis 9h00 \u00e0 Bergerac.<\/p>\n\n\t\t<\/div>\n\t<\/div>\n<\/div><\/div><\/div><div class=\"wpb_column vc_column_container vc_col-sm-3\"><div class=\"vc_column-inner\"><div class=\"wpb_wrapper\"><div class=\"heading  header-underline align-center color-black subcolor-main transform-default icon-type-default heading-tag-h4\" id=\"like_sc_header_167806150\"><h4 class=\"header ltx-sr-id-like_sc_header_1678061501901102891 ltx-sr ltx-sr-effect-fade_in ltx-sr-el-block ltx-sr-delay-0 ltx-sr-duration-1000 ltx-sr-sequences-0\">GABARRE PRIVATIVE<\/h4><\/div>\n\t<div class=\"wpb_text_column wpb_content_element\" >\n\t\t<div class=\"wpb_wrapper\">\n\t\t\t<p style=\"text-align: center; background-color: #cebd88; padding: 5px;\"><strong>PRIVATISATION<\/strong><\/p>\n<p style=\"text-align: center;\"><em><strong>Du 1er Avril au 31 Octobre :<\/strong><\/em> 11h &#8211; 18h sous r\u00e9servation<\/p>\n\n\t\t<\/div>\n\t<\/div>\n<\/div><\/div><\/div><\/div>","protected":false},"excerpt":{"rendered":"<p>IMPORTANTCher client\u00e8le, en raison de la forte popularit\u00e9 de nos circuits, il est conseill\u00e9 de proc\u00e9der \u00e0 une r\u00e9servation 05 53 24 58 80. Si toute fois vous ne seriez pr\u00e9sent 10min avant le d\u00e9part de nos gabarres, vos places r\u00e9serv\u00e9es seront remises \u00e0 la vente.CIRCUIT 1 INDIVIDUEL : 1er Avril \u2013 30 Avril : 11h \u2013 14h \u2013 15h \u2013 16h 1er Mai \u2013 16 Juin : 11h \u2013 14h \u2013 15h- 16h- 17h 17 Juin \u2013 30 Juin : 11h \u2013 12h \u2013 14h \u2013 15h \u2013 16h \u2013 17h + 18h le dimanche 1er Juillet \u2013 14 Juillet : 11h \u2013 12h \u2013 14h \u2013 15h \u2013 16h \u2013 17h \u2013 18h 15 Juillet \u2013 25 Ao\u00fbt : 10h \u2013 11h \u2013 12h \u2013 13h \u2013 14h \u2013 15h \u2013 16h \u2013 17h \u2013 18h 26 Ao\u00fbt \u2013 07 Septembre : 11h \u2013 12h \u2013 14h \u2013 [&hellip;]<\/p>","protected":false},"author":2,"featured_media":0,"parent":3483,"menu_order":0,"comment_status":"closed","ping_status":"closed","template":"page-templates\/full-width.php","meta":[],"_links":{"self":[{"href":"https:\/\/www.gabarresdebergerac.fr\/en\/wp-json\/wp\/v2\/pages\/8183"}],"collection":[{"href":"https:\/\/www.gabarresdebergerac.fr\/en\/wp-json\/wp\/v2\/pages"}],"about":[{"href":"https:\/\/www.gabarresdebergerac.fr\/en\/wp-json\/wp\/v2\/types\/page"}],"author":[{"embeddable":true,"href":"https:\/\/www.gabarresdebergerac.fr\/en\/wp-json\/wp\/v2\/users\/2"}],"replies":[{"embeddable":true,"href":"https:\/\/www.gabarresdebergerac.fr\/en\/wp-json\/wp\/v2\/comments?post=8183"}],"version-history":[{"count":32,"href":"https:\/\/www.gabarresdebergerac.fr\/en\/wp-json\/wp\/v2\/pages\/8183\/revisions"}],"predecessor-version":[{"id":8705,"href":"https:\/\/www.gabarresdebergerac.fr\/en\/wp-json\/wp\/v2\/pages\/8183\/revisions\/8705"}],"up":[{"embeddable":true,"href":"https:\/\/www.gabarresdebergerac.fr\/en\/wp-json\/wp\/v2\/pages\/3483"}],"wp:attachment":[{"href":"https:\/\/www.gabarresdebergerac.fr\/en\/wp-json\/wp\/v2\/media?parent=8183"}],"curies":[{"name":"wp","href":"https:\/\/api.w.org\/{rel}","templated":true}]}}