{"id":8134,"date":"2020-07-14T20:55:33","date_gmt":"2020-07-14T20:55:33","guid":{"rendered":"https:\/\/demo-gabarres.altismedia.fr\/?page_id=8134"},"modified":"2020-07-14T20:56:09","modified_gmt":"2020-07-14T20:56:09","slug":"mentions-legales","status":"publish","type":"page","link":"https:\/\/www.gabarresdebergerac.fr\/en\/mentions-legales\/","title":{"rendered":"Mentions l\u00e9gales"},"content":{"rendered":"<div class=\"vc_row wpb_row vc_row-fluid\"><div class=\"wpb_column vc_column_container vc_col-sm-12\"><div class=\"vc_column-inner\"><div class=\"wpb_wrapper\">\n\t<div class=\"wpb_raw_code wpb_content_element wpb_raw_html\" >\n\t\t<div class=\"wpb_wrapper\">\n\t\t\t<body>\n\t\t<style>\n\tbody{\n\t\tfont-family:Arial, sans-serif;\n\t}\n\t<\/style>\n<div class=\"container-fluid\" style=\"background-color:#fff;\">\n<h1 >MENTIONS L\u00c9GALES<\/h1>\t<div class=\"row\">\n\t\t<div class=\"col-sm-1\"><\/div>\n\t\t<div class=\"col-sm-10 dsslct\" id=\"workflow-right-column\">\n\t\t\t<div><h3  class=\"review-section\"><span style='margin-left:0px;'>Identification de l'\u00e9diteur et de l'h\u00e9bergeur du site<\/span><\/h3>\n<div ><p>Le site http:\/\/www.gabarres.fr\/ est \u00e9dit\u00e9 par P\u00e9rigord Gabarres SARL, au capital de 80000 \u20ac, entreprise immatricul\u00e9e au RCS de BERGERAC sous le num\u00e9ro 381823954, dont le si\u00e8ge social est sis au QU SALVETTE, 24100 BERGERAC.<\/p><p>N\u00b0 de TVA intracommunautaire : FR17381823954.<\/p><p>Directeur de la publication : Larequie Diego, G\u00e9rant de P\u00e9rigord Gabarres SARL, joignable au  ou \u00e0 l'adresse perigord.gabarres@wanadoo.fr.<\/p><p>Le site est h\u00e9berg\u00e9 par 2 rue Kellermann \u2013 59100 Roubaix FRANCE. Les informations concernant la collecte et le traitement des donn\u00e9es personnelles (politique et d\u00e9claration) sont fournies dans la charte de donn\u00e9es personnelles du site.<\/p><\/div><\/div>\n\n\t\t\t<p style='margin-top:40px;text-align:right;'>Tous droits r\u00e9serv\u00e9s - 13 juillet 2020<\/p>\t\t<\/div>\n\t<\/div>\n<\/div>\n\n\t\t\n\t\n\n<script>\nfunction printDoc() {\n     var printContents = document.getElementById('workflow-right-column').innerHTML;\n     var originalContents = document.body.innerHTML;\n\n     document.body.innerHTML = printContents;\n\n     window.print();\n\n     document.body.innerHTML = originalContents;\n}\n<\/script>\n<\/div>\n\t\t\t\n\t<\/body>\n\t\t<\/div>\n\t<\/div>\n<\/div><\/div><\/div><\/div>","protected":false},"excerpt":{"rendered":"<p>MENTIONS L\u00c9GALES Identification de l&rsquo;\u00e9diteur et de l&rsquo;h\u00e9bergeur du site Le site http:\/\/www.gabarres.fr\/ est \u00e9dit\u00e9 par P\u00e9rigord Gabarres SARL, au capital de 80000 \u20ac, entreprise immatricul\u00e9e au RCS de BERGERAC sous le num\u00e9ro 381823954, dont le si\u00e8ge social est sis au QU SALVETTE, 24100 BERGERAC.N\u00b0 de TVA intracommunautaire : FR17381823954.Directeur de la publication : Larequie Diego, G\u00e9rant de P\u00e9rigord Gabarres SARL, joignable au ou \u00e0 l&rsquo;adresse perigord.gabarres@wanadoo.fr.Le site est h\u00e9berg\u00e9 par 2 rue Kellermann \u2013 59100 Roubaix FRANCE. Les informations concernant la collecte et le traitement des donn\u00e9es personnelles (politique et d\u00e9claration) sont fournies dans la charte de donn\u00e9es personnelles du site. Tous droits r\u00e9serv\u00e9s &#8211; 13 juillet 2020<\/p>","protected":false},"author":2,"featured_media":0,"parent":0,"menu_order":0,"comment_status":"closed","ping_status":"closed","template":"","meta":[],"_links":{"self":[{"href":"https:\/\/www.gabarresdebergerac.fr\/en\/wp-json\/wp\/v2\/pages\/8134"}],"collection":[{"href":"https:\/\/www.gabarresdebergerac.fr\/en\/wp-json\/wp\/v2\/pages"}],"about":[{"href":"https:\/\/www.gabarresdebergerac.fr\/en\/wp-json\/wp\/v2\/types\/page"}],"author":[{"embeddable":true,"href":"https:\/\/www.gabarresdebergerac.fr\/en\/wp-json\/wp\/v2\/users\/2"}],"replies":[{"embeddable":true,"href":"https:\/\/www.gabarresdebergerac.fr\/en\/wp-json\/wp\/v2\/comments?post=8134"}],"version-history":[{"count":3,"href":"https:\/\/www.gabarresdebergerac.fr\/en\/wp-json\/wp\/v2\/pages\/8134\/revisions"}],"predecessor-version":[{"id":8138,"href":"https:\/\/www.gabarresdebergerac.fr\/en\/wp-json\/wp\/v2\/pages\/8134\/revisions\/8138"}],"wp:attachment":[{"href":"https:\/\/www.gabarresdebergerac.fr\/en\/wp-json\/wp\/v2\/media?parent=8134"}],"curies":[{"name":"wp","href":"https:\/\/api.w.org\/{rel}","templated":true}]}}